{"id":1449,"date":"2019-05-07T18:47:30","date_gmt":"2019-05-07T16:47:30","guid":{"rendered":"http:\/\/deportes.caudete.org\/?page_id=1449"},"modified":"2026-02-19T19:22:09","modified_gmt":"2026-02-19T18:22:09","slug":"reglamento","status":"publish","type":"page","link":"https:\/\/deportes.caudete.org\/cross\/reglamento\/","title":{"rendered":"Reglamento"},"content":{"rendered":"<h4><img loading=\"lazy\" decoding=\"async\" class=\"aligncenter size-full wp-image-1659\" src=\"http:\/\/deportes.caudete.org\/cross\/wp-content\/uploads\/2019\/05\/reglamento.jpg\" alt=\"\" width=\"800\" height=\"374\" srcset=\"https:\/\/deportes.caudete.org\/cross\/wp-content\/uploads\/2019\/05\/reglamento.jpg 800w, https:\/\/deportes.caudete.org\/cross\/wp-content\/uploads\/2019\/05\/reglamento-300x140.jpg 300w, https:\/\/deportes.caudete.org\/cross\/wp-content\/uploads\/2019\/05\/reglamento-768x359.jpg 768w, https:\/\/deportes.caudete.org\/cross\/wp-content\/uploads\/2019\/05\/reglamento-128x60.jpg 128w\" sizes=\"auto, (max-width: 800px) 100vw, 800px\" \/><\/h4>\n<h4>XLIII Cross \u00abAntonio Amor\u00f3s &#8211; Crisnova Vidrio\u00bb | 9 de mayo de 2026<\/h4>\n<p class=\"Textbody\"><strong><span class=\"tm7\">Art\u00edculo 1.- <\/span><\/strong><span class=\"tm8\">La organizaci\u00f3n del Cross Antonio Amor\u00f3s corresponde tanto al Club de Atletismo Caudete Antonio Amor\u00f3s como a la Concejal\u00eda de Deportes del M.I. Ayuntamiento de Caudete, y con la especial colaboraci\u00f3n de Protecci\u00f3n Civil Caudete. La prueba tendr\u00e1 lugar el s\u00e1bado 9 de mayo de 2026, a partir de las 17:00 horas para las categor\u00edas infantiles, y a las 18:30 horas para la carrera absoluta.<\/span><\/p>\n<p class=\"Textbody\"><strong><span class=\"tm7\">Art\u00edculo 2.- <\/span><\/strong><span class=\"tm8\">Podr\u00e1n participar cualquier persona nacida en 2010 y a\u00f1os anteriores.<\/span><\/p>\n<p class=\"Textbody\"><strong><span class=\"tm7\">Art\u00edculo 3.- <\/span><\/strong><span class=\"tm8\">El recorrido de las pruebas absolutas tendr\u00e1 una distancia total de 10.100 m. para la carrera de dos vueltas, y de 6.000 m. para la carrera de una vuelta.<\/span><\/p>\n<p class=\"Textbody\"><strong><span class=\"tm7\">Art\u00edculo 4.- <\/span><\/strong><span class=\"tm8\">La prueba se realizar\u00e1 sobre circuito urbano con salida en la Avda. Miguel \u00c1ngel Blanco y llegada en las Pistas de Atletismo de la Ciudad Deportiva Antonio Amor\u00f3s. Las zonas t\u00e9cnicas y de servicios quedar\u00e1n ubicadas en las instalaciones de dicha Ciudad Deportiva.<br \/>\n\u2022 Pabellones: duchas y aseos.<br \/>\n\u2022 Espacio Municipal La Sala: secretar\u00eda t\u00e9cnica, guardarropas, avituallamiento fin de carrera, zona de masajes, exhibiciones y entrega de trofeos.<br \/>\n\u2022 Parking vigilado: junto a la Ciudad Deportiva Antonio Amor\u00f3s, en la Avenida Miguel \u00c1ngel Blanco.<\/span><\/p>\n<p class=\"Textbody\"><strong><span class=\"tm7\">Art\u00edculo 5.- <\/span><\/strong><span class=\"tm8\">El recorrido estar\u00e1 debidamente se\u00f1alizado y cerrado al tr\u00e1fico, existiendo un puesto de avituallamiento en los kil\u00f3metros 3, 5,5 y 7,5.<\/span><\/p>\n<p class=\"Textbody\"><strong><span class=\"tm7\">Art\u00edculo 6.- <\/span><\/strong><span class=\"tm8\">La descalificaci\u00f3n de un atleta en la prueba supone, adem\u00e1s de no optar a los premios de la misma, la no puntuaci\u00f3n en el circuito provincial, tanto individual como del equipo. Puede ser por los siguientes motivos.<br \/>\n\u2022 Por deterioro f\u00edsico del atleta.<br \/>\n\u2022 No llevar el dorsal perfectamente colocado en toda su extensi\u00f3n (en el pecho durante todo el recorrido) hasta su entrada a Meta.<br \/>\n\u2022 No atender las indicaciones de la Organizaci\u00f3n o jueces.<br \/>\n\u2022 Entrar fuera de control (previamente establecido).<br \/>\n\u2022 No inscribirse en la prueba y participar en la misma sin chip.<br \/>\n\u2022 No realizar el recorrido completo.<br \/>\n\u2022 Correr con el dorsal o chip de otra persona.<br \/>\n\u2022 Por conductas antideportivas, o contra el medio ambiente o el patrimonio municipal.<\/span><\/p>\n<p class=\"Textbody\"><strong><span class=\"tm7\">Art\u00edculo 7.- <\/span><\/strong><span class=\"tm8\">Procedimiento ante una descalificaci\u00f3n:<br \/>\n\u2022 Se establece un plazo de 5 d\u00edas h\u00e1biles a partir de la celebraci\u00f3n de la prueba, para interponer cualquier reclamaci\u00f3n o denuncia. Dicha reclamaci\u00f3n se efectuar\u00e1 por escrito ante el Comit\u00e9 de Competici\u00f3n de la Prueba, por cualquier medio admitido en derecho.<br \/>\n\u2022 Examinada la denuncia y si el Comit\u00e9 lo estima oportuno, se dar\u00e1 traslado al interesado, dando el plazo improrrogable de 5 d\u00edas h\u00e1biles siguientes a la recepci\u00f3n, para que \u00e9ste conteste a dicho tr\u00e1mite de alegaciones, aportando cuantas pruebas considere oportunas.<br \/>\n\u2022 Transcurrido dicho plazo, con o sin presentaci\u00f3n de alegaciones, el Comit\u00e9 resolver\u00e1 lo que proceda, siendo su decisi\u00f3n \u00fanica e inapelable.<br \/>\n\u2022 El Comit\u00e9 se reserva el derecho de actuar de oficio cuando concurran causas excepcionales que as\u00ed lo aconsejen, siendo el tr\u00e1mite el mismo que para las reclamaciones o sanciones.<\/span><\/p>\n<p class=\"Textbody\"><strong><span class=\"tm7\">Art\u00edculo 8.- <\/span><\/strong><span class=\"tm8\">La organizaci\u00f3n se reserva la facultad de que, comprobada cualquier irregularidad, como falsificaci\u00f3n de datos, categor\u00edas, no completar el recorrido, etc., impedir la participaci\u00f3n en ediciones sucesivas, as\u00ed como comunicarlo al resto de organizaciones nacionales.<\/span><\/p>\n<p class=\"Textbody\"><strong><span class=\"tm7\">Art\u00edculo 9.- <\/span><\/strong><span class=\"tm8\">Los \u00fanicos veh\u00edculos autorizados a seguir la prueba son los designados por la Organizaci\u00f3n. Queda totalmente prohibido seguir a los corredores en cualquier veh\u00edculo no autorizado.<\/span><\/p>\n<p class=\"Textbody\"><strong><span class=\"tm7\">Art\u00edculo 10.- <\/span><\/strong><span class=\"tm8\">El cronometraje se realizar\u00e1 por el sistema de \u201cchips\u201d, por lo que ser\u00e1 obligatoria su utilizaci\u00f3n, debi\u00e9ndose fijar el chip en los cordones de una de las zapatillas. El chip para los corredores no inscritos al Circuito deber\u00e1 devolverse una vez haya finalizado la prueba. La p\u00e9rdida del mismo supondr\u00e1 el abono de 12 \u20ac por parte del corredor. Existir\u00e1n controles de paso en el recorrido, debiendo pasar obligatoriamente todos los corredores por ellos.<\/span><\/p>\n<p class=\"Textbody\"><strong><span class=\"tm7\">Art\u00edculo 11.- <\/span><\/strong><span class=\"tm8\">Las inscripciones se podr\u00e1n realizar hasta las 14:00 horas del 7 de mayo del 2026, o al llegar a los 475 inscritos.<\/span><\/p>\n<p class=\"Textbody\"><span class=\"tm8\">A la retirada del dorsal se solicitar\u00e1 el D.N.I o documento an\u00e1logo.<\/span><\/p>\n<p class=\"Textbody\"><strong><span class=\"tm7\">Art\u00edculo 12.- <\/span><\/strong><span class=\"tm8\">La entrega de dorsales se efectuar\u00e1 en el Espacio Municipal La Sala el s\u00e1bado 9 de mayo, de 16:00 a 18:00 h.<\/span><\/p>\n<p class=\"Textbody\"><strong><span class=\"tm7\">Art\u00edculo 13.- <\/span><\/strong><span class=\"tm8\">Para lo no previsto en este reglamento, ser\u00e1 resuelto con arreglo a los reglamentos de la I.A.A.F. y de la R.F.E.A.<\/span><\/p>\n<p class=\"Textbody\"><strong><span class=\"tm7\">Art\u00edculo 14.- <\/span><\/strong><span class=\"tm8\">La organizaci\u00f3n dispone de un seguro de responsabilidad civil. Asimismo, la organizaci\u00f3n estar\u00e1 cubierta por un seguro de accidentes que cubrir\u00e1 los accidentes deportivos que se produzcan como consecuencia directa del desarrollo de la prueba, y nunca como derivaci\u00f3n de un padecimiento o tara latente, imprudencia, negligencia, inobservancia de las leyes y del articulado del reglamento, ni las producidas en los desplazamientos o desde el lugar en que se desarrolle la prueba.<\/span><\/p>\n<p class=\"Textbody\"><strong><span class=\"tm7\">Art\u00edculo 15.- <\/span><\/strong><span class=\"tm8\">Una vez la inscripci\u00f3n sea aceptada, la cuota de inscripci\u00f3n no ser\u00e1 reembolsada, excepto en los siguientes casos:<br \/>\n\u2022 Porque la prueba no se desarrolle.<br \/>\n\u2022 Por no haber participado en la prueba al estar cubierto el cupo de participantes.<br \/>\n\u2022 Por ingresos indebidos como consecuencia de errores de pago.<\/span><\/p>\n<p class=\"Textbody\"><strong><span class=\"tm7\">Art\u00edculo 16.- <\/span><\/strong><span class=\"tm8\">Todo atleta, por el mero hecho de su inscripci\u00f3n, conoce y acepta todas las normas de reglamentos de esta competici\u00f3n, y reconoce que se encuentra en perfectas condiciones f\u00edsicas, no padeciendo ninguna enfermedad que suponga riesgo para su persona o le incapacite para su participaci\u00f3n. Y se hace responsable de los da\u00f1os que pudiera ocasionarse por su participaci\u00f3n.<\/span><\/p>\n<p class=\"Textbody\"><strong><span class=\"tm7\">Art\u00edculo 17.- <\/span><\/strong><span class=\"tm8\">Todos los participantes, por el hecho de inscribirse, declaran conocer y aceptar el presente Reglamento y el Pliego de Descargo de Responsabilidades y Protecci\u00f3n de Datos. En caso de duda, prevalecer\u00e1 el criterio de la Organizaci\u00f3n.<\/span><\/p>\n<p class=\"Textbody\"><strong><span class=\"tm7\">Art\u00edculo 18.- <\/span><\/strong><span class=\"tm8\">Los datos recabados en el proceso de inscripciones estar\u00e1n sujetos a la Ley Org\u00e1nica 15\/1999, de 13 de diciembre, de Protecci\u00f3n de Datos de Car\u00e1cter Personal y el Real Decreto 1720\/2007, de 21 de diciembre, por el que se aprueba el Reglamento de desarrollo de la Ley Org\u00e1nica 15\/1999, de 13 de diciembre, de Protecci\u00f3n de Datos de Car\u00e1cter Personal.<\/span><\/p>\n<p class=\"Textbody\"><strong><span class=\"tm7\">PLIEGO DE DESCARGO DE RESPONSABILIDADES Y PROTECCI\u00d3N<\/span><\/strong><\/p>\n<p class=\"Textbody\"><strong><span class=\"tm7\">Por el s\u00f3lo hecho de inscribirse, el participante declara lo siguiente: <\/span><\/strong><span class=\"tm8\">\u00abMe encuentro en estado de salud \u00f3ptimo para participar en el Cross Antonio Amor\u00f3s 2026. Adem\u00e1s, eximo de toda responsabilidad a la Organizaci\u00f3n, patrocinadores u otras instituciones participantes ante cualquier accidente o lesi\u00f3n que pudiera sufrir antes, durante y\/o despu\u00e9s del evento deportivo, renunciando desde ya a cualquier acci\u00f3n legal en contra de cualquiera de dichas entidades.<\/span><\/p>\n<p class=\"Textbody\"><span class=\"tm8\">Durante el desarrollo de la competici\u00f3n contribuir\u00e9 en lo posible con la Organizaci\u00f3n, para evitar accidentes personales.<\/span><\/p>\n<p class=\"Textbody\"><span class=\"tm8\">Autorizo, adem\u00e1s, a que la Organizaci\u00f3n haga uso publicitario de fotos, videos y cualquier otro tipo de material audiovisual en el que pueda figurar, aceptando la publicaci\u00f3n de mi nombre en la clasificaci\u00f3n de la prueba, en los medios de comunicaci\u00f3n y\/o Internet, sin esperar pago, compensaci\u00f3n o retribuci\u00f3n alguna por este concepto, salvo petici\u00f3n expresa por parte del corredor para que su imagen no sea utilizada en ning\u00fan medio de difusi\u00f3n oficial del circuito.<\/span><\/p>\n<p class=\"Textbody\"><span class=\"tm8\">Autorizo a la organizaci\u00f3n a enviarme informaci\u00f3n de futuras ediciones de la prueba.\u00bb<\/span><\/p>\n<p class=\"Textbody\"><strong><span class=\"tm7\">CL\u00c1USULAS ADICIONALES<\/span><\/strong><\/p>\n<p class=\"Textbody\"><strong><span class=\"tm7\">Primera: <\/span><\/strong><span class=\"tm8\">La organizaci\u00f3n se reserva la potestad de cambiar los recorridos definidos, servicios ofertados o modificar el Reglamento, circunstancias que ser\u00e1n comunicadas a los participantes.<\/span><\/p>\n<p class=\"Textbody\"><strong><span class=\"tm7\">Segunda: <\/span><\/strong><span class=\"tm8\">La inscripci\u00f3n en el Circuito de Carreras Populares \u201cDiputaci\u00f3n de Albacete\u201d no supone ning\u00fan derecho ni privilegio respecto a las normas y reglamentos exigidos en la convocatoria de cada una de las pruebas, por lo que cada corredor\/a tendr\u00e1 que atenerse y aceptar las bases que regulen las competiciones de cada una de las pruebas que lo integran.<\/span><\/p>\n<p class=\"Textbody\"><strong><span class=\"tm7\">Tercera: <\/span><\/strong><span class=\"tm8\">La organizaci\u00f3n de la Prueba declina toda responsabilidad de los da\u00f1os que los atletas pudieran ocasionar, ocasionarse o derivasen de la participaci\u00f3n de \u00e9stos en las pruebas.<\/span><\/p>\n<p class=\"Textbody\"><strong><span class=\"tm7\">Cuarta: <\/span><\/strong><span class=\"tm8\">La inscripci\u00f3n a la Prueba supone la autorizaci\u00f3n para el uso de cualquier imagen del corredor en el entorno de la prueba, salvo petici\u00f3n expresa por parte del corredor para que su imagen no sea utilizada en ning\u00fan medio de difusi\u00f3n oficial del circuito.<\/span><\/p>\n<p class=\"Textbody\"><strong><span class=\"tm7\">Todos los atletas inscritos aceptan el presente Reglamento.<\/span><\/strong><\/p>\n<p>&nbsp;<\/p>\n<p><img loading=\"lazy\" decoding=\"async\" class=\"aligncenter size-full wp-image-1660\" src=\"http:\/\/deportes.caudete.org\/cross\/wp-content\/uploads\/2019\/05\/reglamento2.jpg\" alt=\"\" width=\"800\" height=\"407\" srcset=\"https:\/\/deportes.caudete.org\/cross\/wp-content\/uploads\/2019\/05\/reglamento2.jpg 800w, https:\/\/deportes.caudete.org\/cross\/wp-content\/uploads\/2019\/05\/reglamento2-300x153.jpg 300w, https:\/\/deportes.caudete.org\/cross\/wp-content\/uploads\/2019\/05\/reglamento2-768x391.jpg 768w, https:\/\/deportes.caudete.org\/cross\/wp-content\/uploads\/2019\/05\/reglamento2-118x60.jpg 118w\" sizes=\"auto, (max-width: 800px) 100vw, 800px\" \/><\/p>\n","protected":false},"excerpt":{"rendered":"<p>XLIII Cross \u00abAntonio Amor\u00f3s &#8211; Crisnova Vidrio\u00bb | 9 de mayo de 2026 Art\u00edculo 1.- La organizaci\u00f3n del Cross Antonio Amor\u00f3s corresponde tanto al Club de Atletismo Caudete Antonio Amor\u00f3s como a la Concejal\u00eda de Deportes del M.I. Ayuntamiento de Caudete, y con la especial colaboraci\u00f3n de Protecci\u00f3n Civil Caudete. La prueba tendr\u00e1 lugar el &hellip; <\/p>\n","protected":false},"author":1,"featured_media":0,"parent":0,"menu_order":0,"comment_status":"closed","ping_status":"closed","template":"","meta":{"footnotes":""},"class_list":["post-1449","page","type-page","status-publish","hentry"],"yoast_head":"<!-- This site is optimized with the Yoast SEO plugin v27.5 - https:\/\/yoast.com\/product\/yoast-seo-wordpress\/ -->\n<title>Cross Antonio Amor\u00f3s - Crisnova Vidrio | Caudete - Reglamento<\/title>\n<meta name=\"description\" content=\"Cross Antonio Amor\u00f3s - Crisnova Vidrio | Caudete\" \/>\n<meta name=\"robots\" content=\"index, follow, max-snippet:-1, max-image-preview:large, max-video-preview:-1\" \/>\n<link rel=\"canonical\" href=\"https:\/\/deportes.caudete.org\/cross\/reglamento\/\" \/>\n<meta property=\"og:locale\" content=\"es_ES\" \/>\n<meta property=\"og:type\" content=\"article\" \/>\n<meta property=\"og:title\" content=\"Cross Antonio Amor\u00f3s - Crisnova Vidrio | Caudete - Reglamento\" \/>\n<meta property=\"og:description\" content=\"Cross Antonio Amor\u00f3s - Crisnova Vidrio | Caudete\" \/>\n<meta property=\"og:url\" content=\"https:\/\/deportes.caudete.org\/cross\/reglamento\/\" \/>\n<meta property=\"og:site_name\" content=\"Cross Antonio Amor\u00f3s Crisnova Vidrio\" \/>\n<meta property=\"article:publisher\" content=\"https:\/\/www.facebook.com\/deporte.caudete\/\" \/>\n<meta property=\"article:modified_time\" content=\"2026-02-19T18:22:09+00:00\" \/>\n<meta property=\"og:image\" content=\"https:\/\/deportes.caudete.org\/cross\/wp-content\/uploads\/2019\/05\/reglamento.jpg\" \/>\n\t<meta property=\"og:image:width\" content=\"800\" \/>\n\t<meta property=\"og:image:height\" content=\"374\" \/>\n\t<meta property=\"og:image:type\" content=\"image\/jpeg\" \/>\n<meta name=\"twitter:card\" content=\"summary_large_image\" \/>\n<meta name=\"twitter:label1\" content=\"Tiempo de lectura\" \/>\n\t<meta name=\"twitter:data1\" content=\"7 minutos\" \/>\n<script type=\"application\/ld+json\" class=\"yoast-schema-graph\">{\"@context\":\"https:\\\/\\\/schema.org\",\"@graph\":[{\"@type\":\"WebPage\",\"@id\":\"https:\\\/\\\/deportes.caudete.org\\\/cross\\\/reglamento\\\/\",\"url\":\"https:\\\/\\\/deportes.caudete.org\\\/cross\\\/reglamento\\\/\",\"name\":\"Cross Antonio Amor\u00f3s - Crisnova Vidrio | Caudete - Reglamento\",\"isPartOf\":{\"@id\":\"https:\\\/\\\/deportes.caudete.org\\\/cross\\\/#website\"},\"primaryImageOfPage\":{\"@id\":\"https:\\\/\\\/deportes.caudete.org\\\/cross\\\/reglamento\\\/#primaryimage\"},\"image\":{\"@id\":\"https:\\\/\\\/deportes.caudete.org\\\/cross\\\/reglamento\\\/#primaryimage\"},\"thumbnailUrl\":\"http:\\\/\\\/deportes.caudete.org\\\/cross\\\/wp-content\\\/uploads\\\/2019\\\/05\\\/reglamento.jpg\",\"datePublished\":\"2019-05-07T16:47:30+00:00\",\"dateModified\":\"2026-02-19T18:22:09+00:00\",\"description\":\"Cross Antonio Amor\u00f3s - Crisnova Vidrio | Caudete\",\"breadcrumb\":{\"@id\":\"https:\\\/\\\/deportes.caudete.org\\\/cross\\\/reglamento\\\/#breadcrumb\"},\"inLanguage\":\"es\",\"potentialAction\":[{\"@type\":\"ReadAction\",\"target\":[\"https:\\\/\\\/deportes.caudete.org\\\/cross\\\/reglamento\\\/\"]}]},{\"@type\":\"ImageObject\",\"inLanguage\":\"es\",\"@id\":\"https:\\\/\\\/deportes.caudete.org\\\/cross\\\/reglamento\\\/#primaryimage\",\"url\":\"https:\\\/\\\/deportes.caudete.org\\\/cross\\\/wp-content\\\/uploads\\\/2019\\\/05\\\/reglamento.jpg\",\"contentUrl\":\"https:\\\/\\\/deportes.caudete.org\\\/cross\\\/wp-content\\\/uploads\\\/2019\\\/05\\\/reglamento.jpg\",\"width\":800,\"height\":374},{\"@type\":\"BreadcrumbList\",\"@id\":\"https:\\\/\\\/deportes.caudete.org\\\/cross\\\/reglamento\\\/#breadcrumb\",\"itemListElement\":[{\"@type\":\"ListItem\",\"position\":1,\"name\":\"Portada\",\"item\":\"https:\\\/\\\/deportes.caudete.org\\\/cross\\\/\"},{\"@type\":\"ListItem\",\"position\":2,\"name\":\"Reglamento\"}]},{\"@type\":\"WebSite\",\"@id\":\"https:\\\/\\\/deportes.caudete.org\\\/cross\\\/#website\",\"url\":\"https:\\\/\\\/deportes.caudete.org\\\/cross\\\/\",\"name\":\"Cross Antonio Amor\u00f3s Crisnova Vidrio\",\"description\":\"Cross Antonio Amor\u00f3s Crisnova Vidrio - Caudete (Albacete)\",\"publisher\":{\"@id\":\"https:\\\/\\\/deportes.caudete.org\\\/cross\\\/#organization\"},\"alternateName\":\"Cross Antonio Amor\u00f3s\",\"potentialAction\":[{\"@type\":\"SearchAction\",\"target\":{\"@type\":\"EntryPoint\",\"urlTemplate\":\"https:\\\/\\\/deportes.caudete.org\\\/cross\\\/?s={search_term_string}\"},\"query-input\":{\"@type\":\"PropertyValueSpecification\",\"valueRequired\":true,\"valueName\":\"search_term_string\"}}],\"inLanguage\":\"es\"},{\"@type\":\"Organization\",\"@id\":\"https:\\\/\\\/deportes.caudete.org\\\/cross\\\/#organization\",\"name\":\"Cross Antonio Amor\u00f3s - Crisnova Vidrio\",\"alternateName\":\"Ayuntamiento de Caudete\",\"url\":\"https:\\\/\\\/deportes.caudete.org\\\/cross\\\/\",\"logo\":{\"@type\":\"ImageObject\",\"inLanguage\":\"es\",\"@id\":\"https:\\\/\\\/deportes.caudete.org\\\/cross\\\/#\\\/schema\\\/logo\\\/image\\\/\",\"url\":\"https:\\\/\\\/deportes.caudete.org\\\/cross\\\/wp-content\\\/uploads\\\/2023\\\/03\\\/logo-cross-2023.png\",\"contentUrl\":\"https:\\\/\\\/deportes.caudete.org\\\/cross\\\/wp-content\\\/uploads\\\/2023\\\/03\\\/logo-cross-2023.png\",\"width\":1200,\"height\":167,\"caption\":\"Cross Antonio Amor\u00f3s - Crisnova Vidrio\"},\"image\":{\"@id\":\"https:\\\/\\\/deportes.caudete.org\\\/cross\\\/#\\\/schema\\\/logo\\\/image\\\/\"},\"sameAs\":[\"https:\\\/\\\/www.facebook.com\\\/deporte.caudete\\\/\"]}]}<\/script>\n<!-- \/ Yoast SEO plugin. -->","yoast_head_json":{"title":"Cross Antonio Amor\u00f3s - Crisnova Vidrio | Caudete - Reglamento","description":"Cross Antonio Amor\u00f3s - Crisnova Vidrio | Caudete","robots":{"index":"index","follow":"follow","max-snippet":"max-snippet:-1","max-image-preview":"max-image-preview:large","max-video-preview":"max-video-preview:-1"},"canonical":"https:\/\/deportes.caudete.org\/cross\/reglamento\/","og_locale":"es_ES","og_type":"article","og_title":"Cross Antonio Amor\u00f3s - Crisnova Vidrio | Caudete - Reglamento","og_description":"Cross Antonio Amor\u00f3s - Crisnova Vidrio | Caudete","og_url":"https:\/\/deportes.caudete.org\/cross\/reglamento\/","og_site_name":"Cross Antonio Amor\u00f3s Crisnova Vidrio","article_publisher":"https:\/\/www.facebook.com\/deporte.caudete\/","article_modified_time":"2026-02-19T18:22:09+00:00","og_image":[{"width":800,"height":374,"url":"https:\/\/deportes.caudete.org\/cross\/wp-content\/uploads\/2019\/05\/reglamento.jpg","type":"image\/jpeg"}],"twitter_card":"summary_large_image","twitter_misc":{"Tiempo de lectura":"7 minutos"},"schema":{"@context":"https:\/\/schema.org","@graph":[{"@type":"WebPage","@id":"https:\/\/deportes.caudete.org\/cross\/reglamento\/","url":"https:\/\/deportes.caudete.org\/cross\/reglamento\/","name":"Cross Antonio Amor\u00f3s - Crisnova Vidrio | Caudete - Reglamento","isPartOf":{"@id":"https:\/\/deportes.caudete.org\/cross\/#website"},"primaryImageOfPage":{"@id":"https:\/\/deportes.caudete.org\/cross\/reglamento\/#primaryimage"},"image":{"@id":"https:\/\/deportes.caudete.org\/cross\/reglamento\/#primaryimage"},"thumbnailUrl":"http:\/\/deportes.caudete.org\/cross\/wp-content\/uploads\/2019\/05\/reglamento.jpg","datePublished":"2019-05-07T16:47:30+00:00","dateModified":"2026-02-19T18:22:09+00:00","description":"Cross Antonio Amor\u00f3s - Crisnova Vidrio | Caudete","breadcrumb":{"@id":"https:\/\/deportes.caudete.org\/cross\/reglamento\/#breadcrumb"},"inLanguage":"es","potentialAction":[{"@type":"ReadAction","target":["https:\/\/deportes.caudete.org\/cross\/reglamento\/"]}]},{"@type":"ImageObject","inLanguage":"es","@id":"https:\/\/deportes.caudete.org\/cross\/reglamento\/#primaryimage","url":"https:\/\/deportes.caudete.org\/cross\/wp-content\/uploads\/2019\/05\/reglamento.jpg","contentUrl":"https:\/\/deportes.caudete.org\/cross\/wp-content\/uploads\/2019\/05\/reglamento.jpg","width":800,"height":374},{"@type":"BreadcrumbList","@id":"https:\/\/deportes.caudete.org\/cross\/reglamento\/#breadcrumb","itemListElement":[{"@type":"ListItem","position":1,"name":"Portada","item":"https:\/\/deportes.caudete.org\/cross\/"},{"@type":"ListItem","position":2,"name":"Reglamento"}]},{"@type":"WebSite","@id":"https:\/\/deportes.caudete.org\/cross\/#website","url":"https:\/\/deportes.caudete.org\/cross\/","name":"Cross Antonio Amor\u00f3s Crisnova Vidrio","description":"Cross Antonio Amor\u00f3s Crisnova Vidrio - Caudete (Albacete)","publisher":{"@id":"https:\/\/deportes.caudete.org\/cross\/#organization"},"alternateName":"Cross Antonio Amor\u00f3s","potentialAction":[{"@type":"SearchAction","target":{"@type":"EntryPoint","urlTemplate":"https:\/\/deportes.caudete.org\/cross\/?s={search_term_string}"},"query-input":{"@type":"PropertyValueSpecification","valueRequired":true,"valueName":"search_term_string"}}],"inLanguage":"es"},{"@type":"Organization","@id":"https:\/\/deportes.caudete.org\/cross\/#organization","name":"Cross Antonio Amor\u00f3s - Crisnova Vidrio","alternateName":"Ayuntamiento de Caudete","url":"https:\/\/deportes.caudete.org\/cross\/","logo":{"@type":"ImageObject","inLanguage":"es","@id":"https:\/\/deportes.caudete.org\/cross\/#\/schema\/logo\/image\/","url":"https:\/\/deportes.caudete.org\/cross\/wp-content\/uploads\/2023\/03\/logo-cross-2023.png","contentUrl":"https:\/\/deportes.caudete.org\/cross\/wp-content\/uploads\/2023\/03\/logo-cross-2023.png","width":1200,"height":167,"caption":"Cross Antonio Amor\u00f3s - Crisnova Vidrio"},"image":{"@id":"https:\/\/deportes.caudete.org\/cross\/#\/schema\/logo\/image\/"},"sameAs":["https:\/\/www.facebook.com\/deporte.caudete\/"]}]}},"_links":{"self":[{"href":"https:\/\/deportes.caudete.org\/cross\/wp-json\/wp\/v2\/pages\/1449","targetHints":{"allow":["GET"]}}],"collection":[{"href":"https:\/\/deportes.caudete.org\/cross\/wp-json\/wp\/v2\/pages"}],"about":[{"href":"https:\/\/deportes.caudete.org\/cross\/wp-json\/wp\/v2\/types\/page"}],"author":[{"embeddable":true,"href":"https:\/\/deportes.caudete.org\/cross\/wp-json\/wp\/v2\/users\/1"}],"replies":[{"embeddable":true,"href":"https:\/\/deportes.caudete.org\/cross\/wp-json\/wp\/v2\/comments?post=1449"}],"version-history":[{"count":21,"href":"https:\/\/deportes.caudete.org\/cross\/wp-json\/wp\/v2\/pages\/1449\/revisions"}],"predecessor-version":[{"id":3172,"href":"https:\/\/deportes.caudete.org\/cross\/wp-json\/wp\/v2\/pages\/1449\/revisions\/3172"}],"wp:attachment":[{"href":"https:\/\/deportes.caudete.org\/cross\/wp-json\/wp\/v2\/media?parent=1449"}],"curies":[{"name":"wp","href":"https:\/\/api.w.org\/{rel}","templated":true}]}}