{"id":1570,"date":"2019-05-08T18:15:33","date_gmt":"2019-05-08T16:15:33","guid":{"rendered":"http:\/\/deportes.caudete.org\/?page_id=1570"},"modified":"2024-02-19T12:38:58","modified_gmt":"2024-02-19T11:38:58","slug":"quienes-somos","status":"publish","type":"page","link":"https:\/\/deportes.caudete.org\/cross\/quienes-somos\/","title":{"rendered":"Qui\u00e9nes somos"},"content":{"rendered":"<p><img loading=\"lazy\" decoding=\"async\" class=\"aligncenter size-full wp-image-2014\" src=\"http:\/\/deportes.caudete.org\/cross\/wp-content\/uploads\/2019\/05\/quienes_2a.jpg\" alt=\"\" width=\"800\" height=\"533\" srcset=\"https:\/\/deportes.caudete.org\/cross\/wp-content\/uploads\/2019\/05\/quienes_2a.jpg 800w, https:\/\/deportes.caudete.org\/cross\/wp-content\/uploads\/2019\/05\/quienes_2a-300x200.jpg 300w, https:\/\/deportes.caudete.org\/cross\/wp-content\/uploads\/2019\/05\/quienes_2a-768x512.jpg 768w, https:\/\/deportes.caudete.org\/cross\/wp-content\/uploads\/2019\/05\/quienes_2a-90x60.jpg 90w\" sizes=\"auto, (max-width: 800px) 100vw, 800px\" \/><\/p>\n<p>&nbsp;<\/p>\n<p style=\"text-align: justify;\">El <strong>Cross Antonio Amor\u00f3s<\/strong> es la prueba m\u00e1s veterana del <strong>Circuito Provincial de Carreras Populares de Albacete<\/strong>. No en vano, nuestros a\u00f1os de experiencia nos permiten organizar una carrera pensada en las necesidades y expectativas del runner.<\/p>\n<p style=\"text-align: justify;\">Disponemos de dos carreras en una, ofreci\u00e9ndote la posibilidad de completar el recorrido con una <strong>distancia de 10.400 metros<\/strong> o realizar otra de <strong>6.100 metros<\/strong> para aquellos que se est\u00e9n iniciando en este deporte.<\/p>\n<p style=\"text-align: justify;\">Los organizadores del evento, la Concejal\u00eda de Deportes del Ayuntamiento de Caudete y el Club de Atletismo \u00abAntonio Amor\u00f3s\u00bb, te dan la bienvenida a una carrera muy especial, que seguro que te cautivar\u00e1.<\/p>\n<p>&nbsp;<\/p>\n<p><img loading=\"lazy\" decoding=\"async\" class=\"aligncenter size-full wp-image-2012\" src=\"http:\/\/deportes.caudete.org\/cross\/wp-content\/uploads\/2019\/05\/quienes_1.jpg\" alt=\"\" width=\"800\" height=\"437\" srcset=\"https:\/\/deportes.caudete.org\/cross\/wp-content\/uploads\/2019\/05\/quienes_1.jpg 800w, https:\/\/deportes.caudete.org\/cross\/wp-content\/uploads\/2019\/05\/quienes_1-300x164.jpg 300w, https:\/\/deportes.caudete.org\/cross\/wp-content\/uploads\/2019\/05\/quienes_1-768x420.jpg 768w, https:\/\/deportes.caudete.org\/cross\/wp-content\/uploads\/2019\/05\/quienes_1-110x60.jpg 110w\" sizes=\"auto, (max-width: 800px) 100vw, 800px\" \/><\/p>\n","protected":false},"excerpt":{"rendered":"<p>&nbsp; El Cross Antonio Amor\u00f3s es la prueba m\u00e1s veterana del Circuito Provincial de Carreras Populares de Albacete. No en vano, nuestros a\u00f1os de experiencia nos permiten organizar una carrera pensada en las necesidades y expectativas del runner. Disponemos de dos carreras en una, ofreci\u00e9ndote la posibilidad de completar el recorrido con una distancia de &hellip; <\/p>\n","protected":false},"author":1,"featured_media":0,"parent":0,"menu_order":0,"comment_status":"closed","ping_status":"closed","template":"","meta":{"footnotes":""},"class_list":["post-1570","page","type-page","status-publish","hentry"],"yoast_head":"<!-- This site is optimized with the Yoast SEO plugin v27.4 - https:\/\/yoast.com\/product\/yoast-seo-wordpress\/ -->\n<title>Cross Antonio Amor\u00f3s - Crisnova Vidrio | Caudete - Qui\u00e9nes somos<\/title>\n<meta name=\"description\" content=\"Cross Antonio Amor\u00f3s - Crisnova Vidrio | Caudete\" \/>\n<meta name=\"robots\" content=\"index, follow, max-snippet:-1, max-image-preview:large, max-video-preview:-1\" \/>\n<link rel=\"canonical\" href=\"https:\/\/deportes.caudete.org\/cross\/quienes-somos\/\" \/>\n<meta property=\"og:locale\" content=\"es_ES\" \/>\n<meta property=\"og:type\" content=\"article\" \/>\n<meta property=\"og:title\" content=\"Cross Antonio Amor\u00f3s - Crisnova Vidrio | Caudete - Qui\u00e9nes somos\" \/>\n<meta property=\"og:description\" content=\"Cross Antonio Amor\u00f3s - Crisnova Vidrio | Caudete\" \/>\n<meta property=\"og:url\" content=\"https:\/\/deportes.caudete.org\/cross\/quienes-somos\/\" \/>\n<meta property=\"og:site_name\" content=\"Cross Antonio Amor\u00f3s Crisnova Vidrio\" \/>\n<meta property=\"article:publisher\" content=\"https:\/\/www.facebook.com\/deporte.caudete\/\" \/>\n<meta property=\"article:modified_time\" content=\"2024-02-19T11:38:58+00:00\" \/>\n<meta property=\"og:image\" content=\"http:\/\/deportes.caudete.org\/cross\/wp-content\/uploads\/2019\/05\/quienes_2a.jpg\" \/>\n<meta name=\"twitter:card\" content=\"summary_large_image\" \/>\n<meta name=\"twitter:label1\" content=\"Tiempo de lectura\" \/>\n\t<meta name=\"twitter:data1\" content=\"1 minuto\" \/>\n<script type=\"application\/ld+json\" class=\"yoast-schema-graph\">{\"@context\":\"https:\\\/\\\/schema.org\",\"@graph\":[{\"@type\":\"WebPage\",\"@id\":\"https:\\\/\\\/deportes.caudete.org\\\/cross\\\/quienes-somos\\\/\",\"url\":\"https:\\\/\\\/deportes.caudete.org\\\/cross\\\/quienes-somos\\\/\",\"name\":\"Cross Antonio Amor\u00f3s - Crisnova Vidrio | Caudete - Qui\u00e9nes somos\",\"isPartOf\":{\"@id\":\"https:\\\/\\\/deportes.caudete.org\\\/cross\\\/#website\"},\"primaryImageOfPage\":{\"@id\":\"https:\\\/\\\/deportes.caudete.org\\\/cross\\\/quienes-somos\\\/#primaryimage\"},\"image\":{\"@id\":\"https:\\\/\\\/deportes.caudete.org\\\/cross\\\/quienes-somos\\\/#primaryimage\"},\"thumbnailUrl\":\"http:\\\/\\\/deportes.caudete.org\\\/cross\\\/wp-content\\\/uploads\\\/2019\\\/05\\\/quienes_2a.jpg\",\"datePublished\":\"2019-05-08T16:15:33+00:00\",\"dateModified\":\"2024-02-19T11:38:58+00:00\",\"description\":\"Cross Antonio Amor\u00f3s - Crisnova Vidrio | Caudete\",\"breadcrumb\":{\"@id\":\"https:\\\/\\\/deportes.caudete.org\\\/cross\\\/quienes-somos\\\/#breadcrumb\"},\"inLanguage\":\"es\",\"potentialAction\":[{\"@type\":\"ReadAction\",\"target\":[\"https:\\\/\\\/deportes.caudete.org\\\/cross\\\/quienes-somos\\\/\"]}]},{\"@type\":\"ImageObject\",\"inLanguage\":\"es\",\"@id\":\"https:\\\/\\\/deportes.caudete.org\\\/cross\\\/quienes-somos\\\/#primaryimage\",\"url\":\"https:\\\/\\\/deportes.caudete.org\\\/cross\\\/wp-content\\\/uploads\\\/2019\\\/05\\\/quienes_2a.jpg\",\"contentUrl\":\"https:\\\/\\\/deportes.caudete.org\\\/cross\\\/wp-content\\\/uploads\\\/2019\\\/05\\\/quienes_2a.jpg\",\"width\":800,\"height\":533},{\"@type\":\"BreadcrumbList\",\"@id\":\"https:\\\/\\\/deportes.caudete.org\\\/cross\\\/quienes-somos\\\/#breadcrumb\",\"itemListElement\":[{\"@type\":\"ListItem\",\"position\":1,\"name\":\"Portada\",\"item\":\"https:\\\/\\\/deportes.caudete.org\\\/cross\\\/\"},{\"@type\":\"ListItem\",\"position\":2,\"name\":\"Qui\u00e9nes somos\"}]},{\"@type\":\"WebSite\",\"@id\":\"https:\\\/\\\/deportes.caudete.org\\\/cross\\\/#website\",\"url\":\"https:\\\/\\\/deportes.caudete.org\\\/cross\\\/\",\"name\":\"Cross Antonio Amor\u00f3s Crisnova Vidrio\",\"description\":\"Cross Antonio Amor\u00f3s Crisnova Vidrio - Caudete (Albacete)\",\"publisher\":{\"@id\":\"https:\\\/\\\/deportes.caudete.org\\\/cross\\\/#organization\"},\"alternateName\":\"Cross Antonio Amor\u00f3s\",\"potentialAction\":[{\"@type\":\"SearchAction\",\"target\":{\"@type\":\"EntryPoint\",\"urlTemplate\":\"https:\\\/\\\/deportes.caudete.org\\\/cross\\\/?s={search_term_string}\"},\"query-input\":{\"@type\":\"PropertyValueSpecification\",\"valueRequired\":true,\"valueName\":\"search_term_string\"}}],\"inLanguage\":\"es\"},{\"@type\":\"Organization\",\"@id\":\"https:\\\/\\\/deportes.caudete.org\\\/cross\\\/#organization\",\"name\":\"Cross Antonio Amor\u00f3s - Crisnova Vidrio\",\"alternateName\":\"Ayuntamiento de Caudete\",\"url\":\"https:\\\/\\\/deportes.caudete.org\\\/cross\\\/\",\"logo\":{\"@type\":\"ImageObject\",\"inLanguage\":\"es\",\"@id\":\"https:\\\/\\\/deportes.caudete.org\\\/cross\\\/#\\\/schema\\\/logo\\\/image\\\/\",\"url\":\"https:\\\/\\\/deportes.caudete.org\\\/cross\\\/wp-content\\\/uploads\\\/2023\\\/03\\\/logo-cross-2023.png\",\"contentUrl\":\"https:\\\/\\\/deportes.caudete.org\\\/cross\\\/wp-content\\\/uploads\\\/2023\\\/03\\\/logo-cross-2023.png\",\"width\":1200,\"height\":167,\"caption\":\"Cross Antonio Amor\u00f3s - Crisnova Vidrio\"},\"image\":{\"@id\":\"https:\\\/\\\/deportes.caudete.org\\\/cross\\\/#\\\/schema\\\/logo\\\/image\\\/\"},\"sameAs\":[\"https:\\\/\\\/www.facebook.com\\\/deporte.caudete\\\/\"]}]}<\/script>\n<!-- \/ Yoast SEO plugin. -->","yoast_head_json":{"title":"Cross Antonio Amor\u00f3s - Crisnova Vidrio | Caudete - Qui\u00e9nes somos","description":"Cross Antonio Amor\u00f3s - Crisnova Vidrio | Caudete","robots":{"index":"index","follow":"follow","max-snippet":"max-snippet:-1","max-image-preview":"max-image-preview:large","max-video-preview":"max-video-preview:-1"},"canonical":"https:\/\/deportes.caudete.org\/cross\/quienes-somos\/","og_locale":"es_ES","og_type":"article","og_title":"Cross Antonio Amor\u00f3s - Crisnova Vidrio | Caudete - Qui\u00e9nes somos","og_description":"Cross Antonio Amor\u00f3s - Crisnova Vidrio | Caudete","og_url":"https:\/\/deportes.caudete.org\/cross\/quienes-somos\/","og_site_name":"Cross Antonio Amor\u00f3s Crisnova Vidrio","article_publisher":"https:\/\/www.facebook.com\/deporte.caudete\/","article_modified_time":"2024-02-19T11:38:58+00:00","og_image":[{"url":"http:\/\/deportes.caudete.org\/cross\/wp-content\/uploads\/2019\/05\/quienes_2a.jpg","type":"","width":"","height":""}],"twitter_card":"summary_large_image","twitter_misc":{"Tiempo de lectura":"1 minuto"},"schema":{"@context":"https:\/\/schema.org","@graph":[{"@type":"WebPage","@id":"https:\/\/deportes.caudete.org\/cross\/quienes-somos\/","url":"https:\/\/deportes.caudete.org\/cross\/quienes-somos\/","name":"Cross Antonio Amor\u00f3s - Crisnova Vidrio | Caudete - Qui\u00e9nes somos","isPartOf":{"@id":"https:\/\/deportes.caudete.org\/cross\/#website"},"primaryImageOfPage":{"@id":"https:\/\/deportes.caudete.org\/cross\/quienes-somos\/#primaryimage"},"image":{"@id":"https:\/\/deportes.caudete.org\/cross\/quienes-somos\/#primaryimage"},"thumbnailUrl":"http:\/\/deportes.caudete.org\/cross\/wp-content\/uploads\/2019\/05\/quienes_2a.jpg","datePublished":"2019-05-08T16:15:33+00:00","dateModified":"2024-02-19T11:38:58+00:00","description":"Cross Antonio Amor\u00f3s - Crisnova Vidrio | Caudete","breadcrumb":{"@id":"https:\/\/deportes.caudete.org\/cross\/quienes-somos\/#breadcrumb"},"inLanguage":"es","potentialAction":[{"@type":"ReadAction","target":["https:\/\/deportes.caudete.org\/cross\/quienes-somos\/"]}]},{"@type":"ImageObject","inLanguage":"es","@id":"https:\/\/deportes.caudete.org\/cross\/quienes-somos\/#primaryimage","url":"https:\/\/deportes.caudete.org\/cross\/wp-content\/uploads\/2019\/05\/quienes_2a.jpg","contentUrl":"https:\/\/deportes.caudete.org\/cross\/wp-content\/uploads\/2019\/05\/quienes_2a.jpg","width":800,"height":533},{"@type":"BreadcrumbList","@id":"https:\/\/deportes.caudete.org\/cross\/quienes-somos\/#breadcrumb","itemListElement":[{"@type":"ListItem","position":1,"name":"Portada","item":"https:\/\/deportes.caudete.org\/cross\/"},{"@type":"ListItem","position":2,"name":"Qui\u00e9nes somos"}]},{"@type":"WebSite","@id":"https:\/\/deportes.caudete.org\/cross\/#website","url":"https:\/\/deportes.caudete.org\/cross\/","name":"Cross Antonio Amor\u00f3s Crisnova Vidrio","description":"Cross Antonio Amor\u00f3s Crisnova Vidrio - Caudete (Albacete)","publisher":{"@id":"https:\/\/deportes.caudete.org\/cross\/#organization"},"alternateName":"Cross Antonio Amor\u00f3s","potentialAction":[{"@type":"SearchAction","target":{"@type":"EntryPoint","urlTemplate":"https:\/\/deportes.caudete.org\/cross\/?s={search_term_string}"},"query-input":{"@type":"PropertyValueSpecification","valueRequired":true,"valueName":"search_term_string"}}],"inLanguage":"es"},{"@type":"Organization","@id":"https:\/\/deportes.caudete.org\/cross\/#organization","name":"Cross Antonio Amor\u00f3s - Crisnova Vidrio","alternateName":"Ayuntamiento de Caudete","url":"https:\/\/deportes.caudete.org\/cross\/","logo":{"@type":"ImageObject","inLanguage":"es","@id":"https:\/\/deportes.caudete.org\/cross\/#\/schema\/logo\/image\/","url":"https:\/\/deportes.caudete.org\/cross\/wp-content\/uploads\/2023\/03\/logo-cross-2023.png","contentUrl":"https:\/\/deportes.caudete.org\/cross\/wp-content\/uploads\/2023\/03\/logo-cross-2023.png","width":1200,"height":167,"caption":"Cross Antonio Amor\u00f3s - Crisnova Vidrio"},"image":{"@id":"https:\/\/deportes.caudete.org\/cross\/#\/schema\/logo\/image\/"},"sameAs":["https:\/\/www.facebook.com\/deporte.caudete\/"]}]}},"_links":{"self":[{"href":"https:\/\/deportes.caudete.org\/cross\/wp-json\/wp\/v2\/pages\/1570","targetHints":{"allow":["GET"]}}],"collection":[{"href":"https:\/\/deportes.caudete.org\/cross\/wp-json\/wp\/v2\/pages"}],"about":[{"href":"https:\/\/deportes.caudete.org\/cross\/wp-json\/wp\/v2\/types\/page"}],"author":[{"embeddable":true,"href":"https:\/\/deportes.caudete.org\/cross\/wp-json\/wp\/v2\/users\/1"}],"replies":[{"embeddable":true,"href":"https:\/\/deportes.caudete.org\/cross\/wp-json\/wp\/v2\/comments?post=1570"}],"version-history":[{"count":11,"href":"https:\/\/deportes.caudete.org\/cross\/wp-json\/wp\/v2\/pages\/1570\/revisions"}],"predecessor-version":[{"id":2469,"href":"https:\/\/deportes.caudete.org\/cross\/wp-json\/wp\/v2\/pages\/1570\/revisions\/2469"}],"wp:attachment":[{"href":"https:\/\/deportes.caudete.org\/cross\/wp-json\/wp\/v2\/media?parent=1570"}],"curies":[{"name":"wp","href":"https:\/\/api.w.org\/{rel}","templated":true}]}}