{"id":1608,"date":"2019-05-08T19:31:54","date_gmt":"2019-05-08T17:31:54","guid":{"rendered":"http:\/\/deportes.caudete.org\/?page_id=1608"},"modified":"2019-05-08T19:32:03","modified_gmt":"2019-05-08T17:32:03","slug":"politica-de-cookies","status":"publish","type":"page","link":"https:\/\/deportes.caudete.org\/cross\/politica-de-cookies\/","title":{"rendered":"Pol\u00edtica de Cookies"},"content":{"rendered":"<p style=\"text-align: justify;\"><strong>Identificaci\u00f3n<\/strong><\/p>\n<p style=\"text-align: justify;\">Direcci\u00f3n Web: deportes.caudete.org<br \/>\nTitular de este sitio web: Ayuntamiento de Caudete<br \/>\nCorreo electr\u00f3nico de contacto: deportes@caudete.org<br \/>\nDirecci\u00f3n f\u00edsica: C\/ Mayor, 1<br \/>\nTel\u00e9fono: 965 827 000<\/p>\n<p style=\"text-align: justify;\"><strong>Pol\u00edtica de Cookies<\/strong><\/p>\n<p style=\"text-align: justify;\">En esta web utilizamos cookies para facilitar la relaci\u00f3n de los visitantes con nuestro contenido y para permitir elaborar estad\u00edsticas sobre las visitantes que recibimos.<\/p>\n<p style=\"text-align: justify;\">En cumplimiento de la Directiva 2009\/136\/CE, desarrollada en nuestro ordenamiento por el apartado segundo del art\u00edculo 22 de la Ley de Servicios de Sociedad de la Informaci\u00f3n, siguiendo las directrices de la Agencia Espa\u00f1ola de Protecci\u00f3n de Datos, procedemos a informarle detalladamente del uso que se realiza en nuestra web.<\/p>\n<p style=\"text-align: justify;\">Se denominan cookies a unos peque\u00f1os archivos que se graban en el navegador utilizado por cada visitante de nuestra web para que el servidor pueda recordar la visita de ese usuario con posterioridad cuando vuelva a acceder a nuestros contenidos. Esta informaci\u00f3n no revela su identidad, ni dato personal alguno, ni accede al contenido almacenado en su pc, pero s\u00ed que permite a nuestro sistema identificarle a usted como un usuario determinado que ya visit\u00f3 la web con anterioridad, visualiz\u00f3 determinadas p\u00e1ginas, etc. y adem\u00e1s permite guardar sus preferencias personales e informaci\u00f3n t\u00e9cnica como por ejemplo las visitas realizadas o p\u00e1ginas concretas que visite.<\/p>\n<p style=\"text-align: justify;\">La finalidad de las cookies es la de facilitar al Usuario un acceso m\u00e1s r\u00e1pido a los Servicios seleccionados.<\/p>\n<p style=\"text-align: justify;\">Si no desea que se guarden cookies en su navegador o prefiere recibir una informaci\u00f3n cada vez que una cookie solicite instalarse, puede configurar sus opciones de navegaci\u00f3n para que se haga de esa forma. La mayor parte de los navegadores permiten la gesti\u00f3n de las cookies de 3 formas diferentes:<\/p>\n<p style=\"text-align: justify;\">&#8211; Las cookies son siempre rechazadas<br \/>\n&#8211; El navegador pregunta si el usuario desea instalar cada cookie<br \/>\n&#8211; Las cookies son siempre aceptadas<\/p>\n<p style=\"text-align: justify;\">Su navegador tambi\u00e9n puede incluir la posibilidad de seleccionar con detalle las cookies que desea que se instalen en su ordenador. En concreto, el usuario puede normalmente aceptar alguna de las siguientes opciones:<\/p>\n<p style=\"text-align: justify;\">&#8211; Rechazar las cookies de determinados dominios<br \/>\n&#8211; Rechazar las cookies de terceros<br \/>\n&#8211; Aceptar cookies como no persistentes (se eliminan cuando el navegador se cierra)<br \/>\n&#8211; Permitir al servidor crear cookies para un dominio diferente.<\/p>\n<p style=\"text-align: justify;\">Para permitir, conocer, bloquear o eliminar las cookies instaladas en su equipo puede hacerlo mediante la configuraci\u00f3n de las opciones del navegador instalado en su ordenador.<\/p>\n<p style=\"text-align: justify;\">Puede encontrar informaci\u00f3n sobre c\u00f3mo configurar los navegadores m\u00e1s usados en las siguientes ubicaciones:<\/p>\n<p style=\"text-align: justify;\">&#8211; Internet Explorer: Herramientas -&gt; Opciones de Internet -&gt; Privacidad -&gt; Configuraci\u00f3n. Para m\u00e1s informaci\u00f3n, puede consultar el soporte de Microsoft o la Ayuda del navegador<br \/>\n&#8211; Firefox: Herramientas -&gt; Opciones -&gt; Privacidad -&gt; Historial -&gt; Configuraci\u00f3n Personalizada. Para m\u00e1s informaci\u00f3n, puede consultar el soporte de Mozilla o la Ayuda del navegador<br \/>\n&#8211; Chrome: Configuraci\u00f3n -&gt; Mostrar opciones avanzadas -&gt; Privacidad -&gt; Configuraci\u00f3n de contenido. Para m\u00e1s informaci\u00f3n, puede consultar el soporte de Google o la Ayuda del navegador<br \/>\n&#8211; Safari: Preferencias -&gt; Seguridad. Para m\u00e1s informaci\u00f3n, puede consultar el soporte de Apple o la Ayuda del navegador.<\/p>\n<p style=\"text-align: justify;\">Respecto de las cookies de terceros, es decir aquellas que son ajenas a nuestro sitio web, no podemos hacernos responsables del contenido y veracidad de las pol\u00edticas de privacidad que ellos incluyen por lo que la informaci\u00f3n que le ofrecemos es siempre con referencia a la fuente.<\/p>\n<p style=\"text-align: justify;\">Le informamos que en este sitio, la cookies que se utilizan son las generadas por el CMS WordPress.<\/p>\n<p style=\"text-align: justify;\">Se puede modificar esta Pol\u00edtica de Cookies en funci\u00f3n de exigencias legislativas, reglamentarias, o con la finalidad de adaptar dicha pol\u00edtica a las instrucciones dictadas por la Agencia Espa\u00f1ola de Protecci\u00f3n de Datos, por ello se aconseja a los Usuarios que la visiten peri\u00f3dicamente.<\/p>\n<p style=\"text-align: justify;\">Cuando se produzcan cambios significativos en esta Pol\u00edtica de Cookies, se comunicar\u00e1n a los Usuarios bien mediante la web o a trav\u00e9s de correo electr\u00f3nico a los Usuarios registrados.<\/p>\n","protected":false},"excerpt":{"rendered":"<p>Identificaci\u00f3n Direcci\u00f3n Web: deportes.caudete.org Titular de este sitio web: Ayuntamiento de Caudete Correo electr\u00f3nico de contacto: deportes@caudete.org Direcci\u00f3n f\u00edsica: C\/ Mayor, 1 Tel\u00e9fono: 965 827 000 Pol\u00edtica de Cookies En esta web utilizamos cookies para facilitar la relaci\u00f3n de los visitantes con nuestro contenido y para permitir elaborar estad\u00edsticas sobre las visitantes que recibimos. En &hellip; <\/p>\n","protected":false},"author":1,"featured_media":0,"parent":0,"menu_order":0,"comment_status":"closed","ping_status":"closed","template":"","meta":{"footnotes":""},"class_list":["post-1608","page","type-page","status-publish","hentry"],"yoast_head":"<!-- This site is optimized with the Yoast SEO plugin v27.4 - https:\/\/yoast.com\/product\/yoast-seo-wordpress\/ -->\n<title>Cross Antonio Amor\u00f3s - Crisnova Vidrio | Caudete - Pol\u00edtica de Cookies<\/title>\n<meta name=\"description\" content=\"Cross Antonio Amor\u00f3s - Crisnova Vidrio | Caudete\" \/>\n<meta name=\"robots\" content=\"index, follow, max-snippet:-1, max-image-preview:large, max-video-preview:-1\" \/>\n<link rel=\"canonical\" href=\"https:\/\/deportes.caudete.org\/cross\/politica-de-cookies\/\" \/>\n<meta property=\"og:locale\" content=\"es_ES\" \/>\n<meta property=\"og:type\" content=\"article\" \/>\n<meta property=\"og:title\" content=\"Cross Antonio Amor\u00f3s - Crisnova Vidrio | Caudete - Pol\u00edtica de Cookies\" \/>\n<meta property=\"og:description\" content=\"Cross Antonio Amor\u00f3s - Crisnova Vidrio | Caudete\" \/>\n<meta property=\"og:url\" content=\"https:\/\/deportes.caudete.org\/cross\/politica-de-cookies\/\" \/>\n<meta property=\"og:site_name\" content=\"Cross Antonio Amor\u00f3s Crisnova Vidrio\" \/>\n<meta property=\"article:publisher\" content=\"https:\/\/www.facebook.com\/deporte.caudete\/\" \/>\n<meta property=\"article:modified_time\" content=\"2019-05-08T17:32:03+00:00\" \/>\n<meta property=\"og:image\" content=\"https:\/\/deportes.caudete.org\/cross\/wp-content\/uploads\/2023\/02\/logo_cross_trans_2.png\" \/>\n\t<meta property=\"og:image:width\" content=\"1419\" \/>\n\t<meta property=\"og:image:height\" content=\"830\" \/>\n\t<meta property=\"og:image:type\" content=\"image\/png\" \/>\n<meta name=\"twitter:card\" content=\"summary_large_image\" \/>\n<meta name=\"twitter:label1\" content=\"Tiempo de lectura\" \/>\n\t<meta name=\"twitter:data1\" content=\"4 minutos\" \/>\n<script type=\"application\/ld+json\" class=\"yoast-schema-graph\">{\"@context\":\"https:\\\/\\\/schema.org\",\"@graph\":[{\"@type\":\"WebPage\",\"@id\":\"https:\\\/\\\/deportes.caudete.org\\\/cross\\\/politica-de-cookies\\\/\",\"url\":\"https:\\\/\\\/deportes.caudete.org\\\/cross\\\/politica-de-cookies\\\/\",\"name\":\"Cross Antonio Amor\u00f3s - Crisnova Vidrio | Caudete - Pol\u00edtica de Cookies\",\"isPartOf\":{\"@id\":\"https:\\\/\\\/deportes.caudete.org\\\/cross\\\/#website\"},\"datePublished\":\"2019-05-08T17:31:54+00:00\",\"dateModified\":\"2019-05-08T17:32:03+00:00\",\"description\":\"Cross Antonio Amor\u00f3s - Crisnova Vidrio | Caudete\",\"breadcrumb\":{\"@id\":\"https:\\\/\\\/deportes.caudete.org\\\/cross\\\/politica-de-cookies\\\/#breadcrumb\"},\"inLanguage\":\"es\",\"potentialAction\":[{\"@type\":\"ReadAction\",\"target\":[\"https:\\\/\\\/deportes.caudete.org\\\/cross\\\/politica-de-cookies\\\/\"]}]},{\"@type\":\"BreadcrumbList\",\"@id\":\"https:\\\/\\\/deportes.caudete.org\\\/cross\\\/politica-de-cookies\\\/#breadcrumb\",\"itemListElement\":[{\"@type\":\"ListItem\",\"position\":1,\"name\":\"Portada\",\"item\":\"https:\\\/\\\/deportes.caudete.org\\\/cross\\\/\"},{\"@type\":\"ListItem\",\"position\":2,\"name\":\"Pol\u00edtica de Cookies\"}]},{\"@type\":\"WebSite\",\"@id\":\"https:\\\/\\\/deportes.caudete.org\\\/cross\\\/#website\",\"url\":\"https:\\\/\\\/deportes.caudete.org\\\/cross\\\/\",\"name\":\"Cross Antonio Amor\u00f3s Crisnova Vidrio\",\"description\":\"Cross Antonio Amor\u00f3s Crisnova Vidrio - Caudete (Albacete)\",\"publisher\":{\"@id\":\"https:\\\/\\\/deportes.caudete.org\\\/cross\\\/#organization\"},\"alternateName\":\"Cross Antonio Amor\u00f3s\",\"potentialAction\":[{\"@type\":\"SearchAction\",\"target\":{\"@type\":\"EntryPoint\",\"urlTemplate\":\"https:\\\/\\\/deportes.caudete.org\\\/cross\\\/?s={search_term_string}\"},\"query-input\":{\"@type\":\"PropertyValueSpecification\",\"valueRequired\":true,\"valueName\":\"search_term_string\"}}],\"inLanguage\":\"es\"},{\"@type\":\"Organization\",\"@id\":\"https:\\\/\\\/deportes.caudete.org\\\/cross\\\/#organization\",\"name\":\"Cross Antonio Amor\u00f3s - Crisnova Vidrio\",\"alternateName\":\"Ayuntamiento de Caudete\",\"url\":\"https:\\\/\\\/deportes.caudete.org\\\/cross\\\/\",\"logo\":{\"@type\":\"ImageObject\",\"inLanguage\":\"es\",\"@id\":\"https:\\\/\\\/deportes.caudete.org\\\/cross\\\/#\\\/schema\\\/logo\\\/image\\\/\",\"url\":\"https:\\\/\\\/deportes.caudete.org\\\/cross\\\/wp-content\\\/uploads\\\/2023\\\/03\\\/logo-cross-2023.png\",\"contentUrl\":\"https:\\\/\\\/deportes.caudete.org\\\/cross\\\/wp-content\\\/uploads\\\/2023\\\/03\\\/logo-cross-2023.png\",\"width\":1200,\"height\":167,\"caption\":\"Cross Antonio Amor\u00f3s - Crisnova Vidrio\"},\"image\":{\"@id\":\"https:\\\/\\\/deportes.caudete.org\\\/cross\\\/#\\\/schema\\\/logo\\\/image\\\/\"},\"sameAs\":[\"https:\\\/\\\/www.facebook.com\\\/deporte.caudete\\\/\"]}]}<\/script>\n<!-- \/ Yoast SEO plugin. -->","yoast_head_json":{"title":"Cross Antonio Amor\u00f3s - Crisnova Vidrio | Caudete - Pol\u00edtica de Cookies","description":"Cross Antonio Amor\u00f3s - Crisnova Vidrio | Caudete","robots":{"index":"index","follow":"follow","max-snippet":"max-snippet:-1","max-image-preview":"max-image-preview:large","max-video-preview":"max-video-preview:-1"},"canonical":"https:\/\/deportes.caudete.org\/cross\/politica-de-cookies\/","og_locale":"es_ES","og_type":"article","og_title":"Cross Antonio Amor\u00f3s - Crisnova Vidrio | Caudete - Pol\u00edtica de Cookies","og_description":"Cross Antonio Amor\u00f3s - Crisnova Vidrio | Caudete","og_url":"https:\/\/deportes.caudete.org\/cross\/politica-de-cookies\/","og_site_name":"Cross Antonio Amor\u00f3s Crisnova Vidrio","article_publisher":"https:\/\/www.facebook.com\/deporte.caudete\/","article_modified_time":"2019-05-08T17:32:03+00:00","og_image":[{"width":1419,"height":830,"url":"https:\/\/deportes.caudete.org\/cross\/wp-content\/uploads\/2023\/02\/logo_cross_trans_2.png","type":"image\/png"}],"twitter_card":"summary_large_image","twitter_misc":{"Tiempo de lectura":"4 minutos"},"schema":{"@context":"https:\/\/schema.org","@graph":[{"@type":"WebPage","@id":"https:\/\/deportes.caudete.org\/cross\/politica-de-cookies\/","url":"https:\/\/deportes.caudete.org\/cross\/politica-de-cookies\/","name":"Cross Antonio Amor\u00f3s - Crisnova Vidrio | Caudete - Pol\u00edtica de Cookies","isPartOf":{"@id":"https:\/\/deportes.caudete.org\/cross\/#website"},"datePublished":"2019-05-08T17:31:54+00:00","dateModified":"2019-05-08T17:32:03+00:00","description":"Cross Antonio Amor\u00f3s - Crisnova Vidrio | Caudete","breadcrumb":{"@id":"https:\/\/deportes.caudete.org\/cross\/politica-de-cookies\/#breadcrumb"},"inLanguage":"es","potentialAction":[{"@type":"ReadAction","target":["https:\/\/deportes.caudete.org\/cross\/politica-de-cookies\/"]}]},{"@type":"BreadcrumbList","@id":"https:\/\/deportes.caudete.org\/cross\/politica-de-cookies\/#breadcrumb","itemListElement":[{"@type":"ListItem","position":1,"name":"Portada","item":"https:\/\/deportes.caudete.org\/cross\/"},{"@type":"ListItem","position":2,"name":"Pol\u00edtica de Cookies"}]},{"@type":"WebSite","@id":"https:\/\/deportes.caudete.org\/cross\/#website","url":"https:\/\/deportes.caudete.org\/cross\/","name":"Cross Antonio Amor\u00f3s Crisnova Vidrio","description":"Cross Antonio Amor\u00f3s Crisnova Vidrio - Caudete (Albacete)","publisher":{"@id":"https:\/\/deportes.caudete.org\/cross\/#organization"},"alternateName":"Cross Antonio Amor\u00f3s","potentialAction":[{"@type":"SearchAction","target":{"@type":"EntryPoint","urlTemplate":"https:\/\/deportes.caudete.org\/cross\/?s={search_term_string}"},"query-input":{"@type":"PropertyValueSpecification","valueRequired":true,"valueName":"search_term_string"}}],"inLanguage":"es"},{"@type":"Organization","@id":"https:\/\/deportes.caudete.org\/cross\/#organization","name":"Cross Antonio Amor\u00f3s - Crisnova Vidrio","alternateName":"Ayuntamiento de Caudete","url":"https:\/\/deportes.caudete.org\/cross\/","logo":{"@type":"ImageObject","inLanguage":"es","@id":"https:\/\/deportes.caudete.org\/cross\/#\/schema\/logo\/image\/","url":"https:\/\/deportes.caudete.org\/cross\/wp-content\/uploads\/2023\/03\/logo-cross-2023.png","contentUrl":"https:\/\/deportes.caudete.org\/cross\/wp-content\/uploads\/2023\/03\/logo-cross-2023.png","width":1200,"height":167,"caption":"Cross Antonio Amor\u00f3s - Crisnova Vidrio"},"image":{"@id":"https:\/\/deportes.caudete.org\/cross\/#\/schema\/logo\/image\/"},"sameAs":["https:\/\/www.facebook.com\/deporte.caudete\/"]}]}},"_links":{"self":[{"href":"https:\/\/deportes.caudete.org\/cross\/wp-json\/wp\/v2\/pages\/1608","targetHints":{"allow":["GET"]}}],"collection":[{"href":"https:\/\/deportes.caudete.org\/cross\/wp-json\/wp\/v2\/pages"}],"about":[{"href":"https:\/\/deportes.caudete.org\/cross\/wp-json\/wp\/v2\/types\/page"}],"author":[{"embeddable":true,"href":"https:\/\/deportes.caudete.org\/cross\/wp-json\/wp\/v2\/users\/1"}],"replies":[{"embeddable":true,"href":"https:\/\/deportes.caudete.org\/cross\/wp-json\/wp\/v2\/comments?post=1608"}],"version-history":[{"count":3,"href":"https:\/\/deportes.caudete.org\/cross\/wp-json\/wp\/v2\/pages\/1608\/revisions"}],"predecessor-version":[{"id":1611,"href":"https:\/\/deportes.caudete.org\/cross\/wp-json\/wp\/v2\/pages\/1608\/revisions\/1611"}],"wp:attachment":[{"href":"https:\/\/deportes.caudete.org\/cross\/wp-json\/wp\/v2\/media?parent=1608"}],"curies":[{"name":"wp","href":"https:\/\/api.w.org\/{rel}","templated":true}]}}